{"id":14,"date":"2026-04-20T11:45:43","date_gmt":"2026-04-20T09:45:43","guid":{"rendered":"https:\/\/professeur-joseph.com\/?page_id=14"},"modified":"2026-04-21T12:54:45","modified_gmt":"2026-04-21T10:54:45","slug":"grand-marabout-voyant-serieux-en-france-retour-affectif-rapide-resultats-garantis","status":"publish","type":"page","link":"https:\/\/professeur-joseph.com\/","title":{"rendered":"Grand Marabout Voyant S\u00e9rieux en France \u2014 Retour Affectif Rapide &amp; R\u00e9sultats Garantis"},"content":{"rendered":"[et_pb_section admin_label=\u00a0\u00bbsection\u00a0\u00bb]\n\t\t\t[et_pb_row admin_label=\u00a0\u00bbrow\u00a0\u00bb]\n\t\t\t\t[et_pb_column type=\u00a0\u00bb4_4&Prime;][et_pb_text admin_label=\u00a0\u00bbText\u00a0\u00bb][\/et_pb_text][\/et_pb_column]\n\t\t\t[\/et_pb_row]\n\t\t[\/et_pb_section]","protected":false},"excerpt":{"rendered":"","protected":false},"author":1,"featured_media":18,"parent":0,"menu_order":0,"comment_status":"closed","ping_status":"closed","template":"","meta":{"_et_pb_use_builder":"on","_et_pb_old_content":"<!-- wp:divi\/placeholder \/-->","_et_gb_content_width":"","_joinchat":[],"footnotes":""},"class_list":["post-14","page","type-page","status-publish","has-post-thumbnail","hentry"],"yoast_head":"<!-- This site is optimized with the Yoast SEO plugin v27.6 - https:\/\/yoast.com\/product\/yoast-seo-wordpress\/ -->\n<title>Marabout Voyant M\u00e9dium S\u00e9rieux en France | Professeur Joseph Ouvert 24h\/7j<\/title>\n<meta name=\"description\" content=\"Professeur Joseph, grand marabout voyant &amp; m\u00e9dium avec + de 20 ans d&#039;exp\u00e9rience. Retour affectif rapide, consultation 7j\/7 \u2013 24h\/24, par t\u00e9l\u00e9phone, visio ou WhatsApp. R\u00e9sultats garantis.\" \/>\n<meta name=\"robots\" content=\"index, follow, max-snippet:-1, max-image-preview:large, max-video-preview:-1\" \/>\n<link rel=\"canonical\" href=\"https:\/\/professeur-joseph.com\/\" \/>\n<meta property=\"og:locale\" content=\"fr_FR\" \/>\n<meta property=\"og:type\" content=\"article\" \/>\n<meta property=\"og:title\" content=\"Marabout Voyant M\u00e9dium S\u00e9rieux en France | Professeur Joseph Ouvert 24h\/7j\" \/>\n<meta property=\"og:description\" content=\"Professeur Joseph, grand marabout voyant &amp; m\u00e9dium avec + de 20 ans d&#039;exp\u00e9rience. Retour affectif rapide, consultation 7j\/7 \u2013 24h\/24, par t\u00e9l\u00e9phone, visio ou WhatsApp. R\u00e9sultats garantis.\" \/>\n<meta property=\"og:url\" content=\"https:\/\/professeur-joseph.com\/\" \/>\n<meta property=\"og:site_name\" content=\"Professeur Joseph\" \/>\n<meta property=\"article:modified_time\" content=\"2026-04-21T10:54:45+00:00\" \/>\n<meta property=\"og:image\" content=\"https:\/\/professeur-joseph.com\/wp-content\/uploads\/2026\/04\/Cabinet-voyance-Joseph.jpg\" \/>\n\t<meta property=\"og:image:width\" content=\"1536\" \/>\n\t<meta property=\"og:image:height\" content=\"1024\" \/>\n\t<meta property=\"og:image:type\" content=\"image\/jpeg\" \/>\n<meta name=\"twitter:card\" content=\"summary_large_image\" \/>\n<meta name=\"twitter:label1\" content=\"Dur\u00e9e de lecture estim\u00e9e\" \/>\n\t<meta name=\"twitter:data1\" content=\"1 minute\" \/>\n<script type=\"application\/ld+json\" class=\"yoast-schema-graph\">{\"@context\":\"https:\\\/\\\/schema.org\",\"@graph\":[{\"@type\":\"WebPage\",\"@id\":\"https:\\\/\\\/professeur-joseph.com\\\/\",\"url\":\"https:\\\/\\\/professeur-joseph.com\\\/\",\"name\":\"Marabout Voyant M\u00e9dium S\u00e9rieux en France | Professeur Joseph Ouvert 24h\\\/7j\",\"isPartOf\":{\"@id\":\"https:\\\/\\\/professeur-joseph.com\\\/#website\"},\"primaryImageOfPage\":{\"@id\":\"https:\\\/\\\/professeur-joseph.com\\\/#primaryimage\"},\"image\":{\"@id\":\"https:\\\/\\\/professeur-joseph.com\\\/#primaryimage\"},\"thumbnailUrl\":\"https:\\\/\\\/professeur-joseph.com\\\/wp-content\\\/uploads\\\/2026\\\/04\\\/Cabinet-voyance-Joseph.jpg\",\"datePublished\":\"2026-04-20T09:45:43+00:00\",\"dateModified\":\"2026-04-21T10:54:45+00:00\",\"description\":\"Professeur Joseph, grand marabout voyant & m\u00e9dium avec + de 20 ans d'exp\u00e9rience. Retour affectif rapide, consultation 7j\\\/7 \u2013 24h\\\/24, par t\u00e9l\u00e9phone, visio ou WhatsApp. R\u00e9sultats garantis.\",\"breadcrumb\":{\"@id\":\"https:\\\/\\\/professeur-joseph.com\\\/#breadcrumb\"},\"inLanguage\":\"fr-FR\",\"potentialAction\":[{\"@type\":\"ReadAction\",\"target\":[\"https:\\\/\\\/professeur-joseph.com\\\/\"]}]},{\"@type\":\"ImageObject\",\"inLanguage\":\"fr-FR\",\"@id\":\"https:\\\/\\\/professeur-joseph.com\\\/#primaryimage\",\"url\":\"https:\\\/\\\/professeur-joseph.com\\\/wp-content\\\/uploads\\\/2026\\\/04\\\/Cabinet-voyance-Joseph.jpg\",\"contentUrl\":\"https:\\\/\\\/professeur-joseph.com\\\/wp-content\\\/uploads\\\/2026\\\/04\\\/Cabinet-voyance-Joseph.jpg\",\"width\":1536,\"height\":1024,\"caption\":\"Cabinet voyance Joseph\"},{\"@type\":\"BreadcrumbList\",\"@id\":\"https:\\\/\\\/professeur-joseph.com\\\/#breadcrumb\",\"itemListElement\":[{\"@type\":\"ListItem\",\"position\":1,\"name\":\"Home\",\"item\":\"https:\\\/\\\/professeur-joseph.com\\\/\"},{\"@type\":\"ListItem\",\"position\":2,\"name\":\"Grand Marabout Voyant S\u00e9rieux en France \u2014 Retour Affectif Rapide &amp; R\u00e9sultats Garantis\"}]},{\"@type\":\"WebSite\",\"@id\":\"https:\\\/\\\/professeur-joseph.com\\\/#website\",\"url\":\"https:\\\/\\\/professeur-joseph.com\\\/\",\"name\":\"Professeur Joseph\",\"description\":\"Grand Marabout Voyant &amp; Retour Affectif en France\",\"publisher\":{\"@id\":\"https:\\\/\\\/professeur-joseph.com\\\/#organization\"},\"potentialAction\":[{\"@type\":\"SearchAction\",\"target\":{\"@type\":\"EntryPoint\",\"urlTemplate\":\"https:\\\/\\\/professeur-joseph.com\\\/?s={search_term_string}\"},\"query-input\":{\"@type\":\"PropertyValueSpecification\",\"valueRequired\":true,\"valueName\":\"search_term_string\"}}],\"inLanguage\":\"fr-FR\"},{\"@type\":\"Organization\",\"@id\":\"https:\\\/\\\/professeur-joseph.com\\\/#organization\",\"name\":\"Professeur Joseph\",\"url\":\"https:\\\/\\\/professeur-joseph.com\\\/\",\"logo\":{\"@type\":\"ImageObject\",\"inLanguage\":\"fr-FR\",\"@id\":\"https:\\\/\\\/professeur-joseph.com\\\/#\\\/schema\\\/logo\\\/image\\\/\",\"url\":\"https:\\\/\\\/professeur-joseph.com\\\/wp-content\\\/uploads\\\/2026\\\/04\\\/Logo-Professeur-Joseph-1024x1024.png\",\"contentUrl\":\"https:\\\/\\\/professeur-joseph.com\\\/wp-content\\\/uploads\\\/2026\\\/04\\\/Logo-Professeur-Joseph-1024x1024.png\",\"width\":1024,\"height\":1024,\"caption\":\"Professeur Joseph\"},\"image\":{\"@id\":\"https:\\\/\\\/professeur-joseph.com\\\/#\\\/schema\\\/logo\\\/image\\\/\"}}]}<\/script>\n<!-- \/ Yoast SEO plugin. -->","yoast_head_json":{"title":"Marabout Voyant M\u00e9dium S\u00e9rieux en France | Professeur Joseph Ouvert 24h\/7j","description":"Professeur Joseph, grand marabout voyant & m\u00e9dium avec + de 20 ans d'exp\u00e9rience. Retour affectif rapide, consultation 7j\/7 \u2013 24h\/24, par t\u00e9l\u00e9phone, visio ou WhatsApp. R\u00e9sultats garantis.","robots":{"index":"index","follow":"follow","max-snippet":"max-snippet:-1","max-image-preview":"max-image-preview:large","max-video-preview":"max-video-preview:-1"},"canonical":"https:\/\/professeur-joseph.com\/","og_locale":"fr_FR","og_type":"article","og_title":"Marabout Voyant M\u00e9dium S\u00e9rieux en France | Professeur Joseph Ouvert 24h\/7j","og_description":"Professeur Joseph, grand marabout voyant & m\u00e9dium avec + de 20 ans d'exp\u00e9rience. Retour affectif rapide, consultation 7j\/7 \u2013 24h\/24, par t\u00e9l\u00e9phone, visio ou WhatsApp. R\u00e9sultats garantis.","og_url":"https:\/\/professeur-joseph.com\/","og_site_name":"Professeur Joseph","article_modified_time":"2026-04-21T10:54:45+00:00","og_image":[{"width":1536,"height":1024,"url":"https:\/\/professeur-joseph.com\/wp-content\/uploads\/2026\/04\/Cabinet-voyance-Joseph.jpg","type":"image\/jpeg"}],"twitter_card":"summary_large_image","twitter_misc":{"Dur\u00e9e de lecture estim\u00e9e":"1 minute"},"schema":{"@context":"https:\/\/schema.org","@graph":[{"@type":"WebPage","@id":"https:\/\/professeur-joseph.com\/","url":"https:\/\/professeur-joseph.com\/","name":"Marabout Voyant M\u00e9dium S\u00e9rieux en France | Professeur Joseph Ouvert 24h\/7j","isPartOf":{"@id":"https:\/\/professeur-joseph.com\/#website"},"primaryImageOfPage":{"@id":"https:\/\/professeur-joseph.com\/#primaryimage"},"image":{"@id":"https:\/\/professeur-joseph.com\/#primaryimage"},"thumbnailUrl":"https:\/\/professeur-joseph.com\/wp-content\/uploads\/2026\/04\/Cabinet-voyance-Joseph.jpg","datePublished":"2026-04-20T09:45:43+00:00","dateModified":"2026-04-21T10:54:45+00:00","description":"Professeur Joseph, grand marabout voyant & m\u00e9dium avec + de 20 ans d'exp\u00e9rience. Retour affectif rapide, consultation 7j\/7 \u2013 24h\/24, par t\u00e9l\u00e9phone, visio ou WhatsApp. R\u00e9sultats garantis.","breadcrumb":{"@id":"https:\/\/professeur-joseph.com\/#breadcrumb"},"inLanguage":"fr-FR","potentialAction":[{"@type":"ReadAction","target":["https:\/\/professeur-joseph.com\/"]}]},{"@type":"ImageObject","inLanguage":"fr-FR","@id":"https:\/\/professeur-joseph.com\/#primaryimage","url":"https:\/\/professeur-joseph.com\/wp-content\/uploads\/2026\/04\/Cabinet-voyance-Joseph.jpg","contentUrl":"https:\/\/professeur-joseph.com\/wp-content\/uploads\/2026\/04\/Cabinet-voyance-Joseph.jpg","width":1536,"height":1024,"caption":"Cabinet voyance Joseph"},{"@type":"BreadcrumbList","@id":"https:\/\/professeur-joseph.com\/#breadcrumb","itemListElement":[{"@type":"ListItem","position":1,"name":"Home","item":"https:\/\/professeur-joseph.com\/"},{"@type":"ListItem","position":2,"name":"Grand Marabout Voyant S\u00e9rieux en France \u2014 Retour Affectif Rapide &amp; R\u00e9sultats Garantis"}]},{"@type":"WebSite","@id":"https:\/\/professeur-joseph.com\/#website","url":"https:\/\/professeur-joseph.com\/","name":"Professeur Joseph","description":"Grand Marabout Voyant &amp; Retour Affectif en France","publisher":{"@id":"https:\/\/professeur-joseph.com\/#organization"},"potentialAction":[{"@type":"SearchAction","target":{"@type":"EntryPoint","urlTemplate":"https:\/\/professeur-joseph.com\/?s={search_term_string}"},"query-input":{"@type":"PropertyValueSpecification","valueRequired":true,"valueName":"search_term_string"}}],"inLanguage":"fr-FR"},{"@type":"Organization","@id":"https:\/\/professeur-joseph.com\/#organization","name":"Professeur Joseph","url":"https:\/\/professeur-joseph.com\/","logo":{"@type":"ImageObject","inLanguage":"fr-FR","@id":"https:\/\/professeur-joseph.com\/#\/schema\/logo\/image\/","url":"https:\/\/professeur-joseph.com\/wp-content\/uploads\/2026\/04\/Logo-Professeur-Joseph-1024x1024.png","contentUrl":"https:\/\/professeur-joseph.com\/wp-content\/uploads\/2026\/04\/Logo-Professeur-Joseph-1024x1024.png","width":1024,"height":1024,"caption":"Professeur Joseph"},"image":{"@id":"https:\/\/professeur-joseph.com\/#\/schema\/logo\/image\/"}}]}},"_links":{"self":[{"href":"https:\/\/professeur-joseph.com\/index.php\/wp-json\/wp\/v2\/pages\/14","targetHints":{"allow":["GET"]}}],"collection":[{"href":"https:\/\/professeur-joseph.com\/index.php\/wp-json\/wp\/v2\/pages"}],"about":[{"href":"https:\/\/professeur-joseph.com\/index.php\/wp-json\/wp\/v2\/types\/page"}],"author":[{"embeddable":true,"href":"https:\/\/professeur-joseph.com\/index.php\/wp-json\/wp\/v2\/users\/1"}],"replies":[{"embeddable":true,"href":"https:\/\/professeur-joseph.com\/index.php\/wp-json\/wp\/v2\/comments?post=14"}],"version-history":[{"count":2,"href":"https:\/\/professeur-joseph.com\/index.php\/wp-json\/wp\/v2\/pages\/14\/revisions"}],"predecessor-version":[{"id":148,"href":"https:\/\/professeur-joseph.com\/index.php\/wp-json\/wp\/v2\/pages\/14\/revisions\/148"}],"wp:featuredmedia":[{"embeddable":true,"href":"https:\/\/professeur-joseph.com\/index.php\/wp-json\/wp\/v2\/media\/18"}],"wp:attachment":[{"href":"https:\/\/professeur-joseph.com\/index.php\/wp-json\/wp\/v2\/media?parent=14"}],"curies":[{"name":"wp","href":"https:\/\/api.w.org\/{rel}","templated":true}]}}